{"id":133,"date":"2013-05-28T09:48:34","date_gmt":"2013-05-28T07:48:34","guid":{"rendered":"http:\/\/cms.aps-info.de\/ml\/?page_id=133"},"modified":"2017-09-13T13:36:31","modified_gmt":"2017-09-13T11:36:31","slug":"startseite","status":"publish","type":"page","link":"https:\/\/cms.kulturelles-erbe-koeln.de\/ml\/?lang=de","title":{"rendered":"Startseite"},"content":{"rendered":"<p>Am 5. Februar 1976 schenkte das Ehepaar Ludwig der Stadt K\u00f6ln 350 Werke moderner Kunst aus ihrer Kunstsammlung und legte damit den Grundstein f\u00fcr das Museum Ludwig, das die Kunst nach 1900 beherbergen sollte. 1986 er\u00f6ffnete das \u201aDoppelmuseum\u2018, das sowohl das Wallraf-Richartz-Museum als auch das Museum Ludwig aufnahm, aber bereits 1994 entschied man sich f\u00fcr eine r\u00e4umliche Trennung der beiden Institute. Neben der au\u00dferhalb der USA umfassendsten Sammlung amerikanischer Pop Art, gelangten durch Ludwigs Schenkung ausgesprochen qualit\u00e4tsvolle Arbeiten der Russischen Avantgarde aus der Zeit zwischen 1905 und 1935 in das Museum.1994 kamen 90, 2001 weitere 774 Werke aus ihrem Picasso-Besitz hinzu. Damit verf\u00fcgt das Museum Ludwig nach Barcelona und Paris \u00fcber die drittgr\u00f6\u00dfte Picasso-Sammlung weltweit. Heute umfasst die Sammlung Ludwig die wichtigsten Positionen der Kunst des 20. Jahrhunderts und der Gegenwartskunst.<\/p>\n<p>Den Grundstock der Sammlung Ludwig legte unwissentlich der K\u00f6lner Jurist Dr. Josef Haubrich. Er schenkte 1946 der Stadt K\u00f6ln seine bedeutende Kollektion von Werken des Expressionismus und anderer Vertreter der Klassischen Moderne. Diese Schenkung ging sp\u00e4ter in den Bestand des Museum Ludwig \u00fcber.<\/p>\n<p>Seit 2000 engagiert sich das Museum Ludwig in besonderer Weise f\u00fcr die Sammlung und Pr\u00e4sentation technischer Medien im Kontext zeitgen\u00f6ssischer Kunst. Seit 2001 wurde die Sammlung im Bereich der zeitgen\u00f6ssischen Kunst um wesentliche Werke und ganze Werkgruppen erg\u00e4nzt und z\u00e4hlt heute mit einem Bestand von ann\u00e4hernd 60.580 Werken zu den bedeutendsten Museen f\u00fcr moderne und zeitgen\u00f6ssische Kunst in Europa.<\/p>","protected":false},"excerpt":{"rendered":"<p>Am 5. Februar 1976 schenkte das Ehepaar Ludwig der Stadt K\u00f6ln 350 Werke moderner Kunst aus ihrer Kunstsammlung und legte damit den Grundstein f\u00fcr das Museum Ludwig, das die Kunst nach 1900 beherbergen sollte. 1986 er\u00f6ffnete das \u201aDoppelmuseum\u2018, das sowohl &hellip; <a href=\"https:\/\/cms.kulturelles-erbe-koeln.de\/ml\/?lang=de\">Continue reading <span class=\"meta-nav\">&rarr;<\/span><\/a><\/p>\n","protected":false},"author":1,"featured_media":0,"parent":0,"menu_order":1,"comment_status":"open","ping_status":"open","template":"","meta":{"_acf_changed":false,"footnotes":""},"class_list":["post-133","page","type-page","status-publish","hentry"],"acf":[],"_links":{"self":[{"href":"https:\/\/cms.kulturelles-erbe-koeln.de\/ml\/wp-json\/wp\/v2\/pages\/133"}],"collection":[{"href":"https:\/\/cms.kulturelles-erbe-koeln.de\/ml\/wp-json\/wp\/v2\/pages"}],"about":[{"href":"https:\/\/cms.kulturelles-erbe-koeln.de\/ml\/wp-json\/wp\/v2\/types\/page"}],"author":[{"embeddable":true,"href":"https:\/\/cms.kulturelles-erbe-koeln.de\/ml\/wp-json\/wp\/v2\/users\/1"}],"replies":[{"embeddable":true,"href":"https:\/\/cms.kulturelles-erbe-koeln.de\/ml\/wp-json\/wp\/v2\/comments?post=133"}],"version-history":[{"count":7,"href":"https:\/\/cms.kulturelles-erbe-koeln.de\/ml\/wp-json\/wp\/v2\/pages\/133\/revisions"}],"predecessor-version":[{"id":2118,"href":"https:\/\/cms.kulturelles-erbe-koeln.de\/ml\/wp-json\/wp\/v2\/pages\/133\/revisions\/2118"}],"wp:attachment":[{"href":"https:\/\/cms.kulturelles-erbe-koeln.de\/ml\/wp-json\/wp\/v2\/media?parent=133"}],"curies":[{"name":"wp","href":"https:\/\/api.w.org\/{rel}","templated":true}]}}